{"id":361,"date":"2022-05-17T18:36:47","date_gmt":"2022-05-17T16:36:47","guid":{"rendered":"https:\/\/www.saigon-delices.fr\/store\/?post_type=product&#038;p=361"},"modified":"2022-05-17T18:36:33","modified_gmt":"2022-05-17T16:36:33","slug":"nouilles-sautees-facon-thai-grande","status":"publish","type":"product","link":"https:\/\/www.saigon-delices.fr\/store\/produit\/nouilles-sautees-facon-thai-grande\/","title":{"rendered":"Nouilles saut\u00e9es (Fa\u00e7on Tha\u00ef) 800 cc"},"content":{"rendered":"<p>Box 1000 cc<\/p>\n<p>Composition:<\/p>\n<p>Nouille de riz, vert de poireau, omelette, sauce tomate, assaisonnement asiatique.<\/p>\n","protected":false},"excerpt":{"rendered":"<p>Box 1000 cc Composition: Nouille de riz, vert de poireau, omelette, sauce tomate, assaisonnement asiatique.<\/p>\n","protected":false},"featured_media":354,"comment_status":"open","ping_status":"closed","template":"","meta":[],"product_brand":[],"product_cat":[25,17],"product_tag":[],"class_list":{"0":"post-361","1":"product","2":"type-product","3":"status-publish","4":"has-post-thumbnail","6":"product_cat-pate","7":"product_cat-plats","9":"first","10":"instock","11":"shipping-taxable","12":"purchasable","13":"product-type-simple"},"_links":{"self":[{"href":"https:\/\/www.saigon-delices.fr\/store\/wp-json\/wp\/v2\/product\/361","targetHints":{"allow":["GET"]}}],"collection":[{"href":"https:\/\/www.saigon-delices.fr\/store\/wp-json\/wp\/v2\/product"}],"about":[{"href":"https:\/\/www.saigon-delices.fr\/store\/wp-json\/wp\/v2\/types\/product"}],"replies":[{"embeddable":true,"href":"https:\/\/www.saigon-delices.fr\/store\/wp-json\/wp\/v2\/comments?post=361"}],"wp:featuredmedia":[{"embeddable":true,"href":"https:\/\/www.saigon-delices.fr\/store\/wp-json\/wp\/v2\/media\/354"}],"wp:attachment":[{"href":"https:\/\/www.saigon-delices.fr\/store\/wp-json\/wp\/v2\/media?parent=361"}],"wp:term":[{"taxonomy":"product_brand","embeddable":true,"href":"https:\/\/www.saigon-delices.fr\/store\/wp-json\/wp\/v2\/product_brand?post=361"},{"taxonomy":"product_cat","embeddable":true,"href":"https:\/\/www.saigon-delices.fr\/store\/wp-json\/wp\/v2\/product_cat?post=361"},{"taxonomy":"product_tag","embeddable":true,"href":"https:\/\/www.saigon-delices.fr\/store\/wp-json\/wp\/v2\/product_tag?post=361"}],"curies":[{"name":"wp","href":"https:\/\/api.w.org\/{rel}","templated":true}]}}