{"id":2126,"date":"2022-05-17T18:20:24","date_gmt":"2022-05-17T16:20:24","guid":{"rendered":"https:\/\/www.saigon-delices.fr\/store\/?post_type=product&#038;p=2126"},"modified":"2022-05-17T18:20:18","modified_gmt":"2022-05-17T16:20:18","slug":"legumes-sautes-1000-cc","status":"publish","type":"product","link":"https:\/\/www.saigon-delices.fr\/store\/produit\/legumes-sautes-1000-cc\/","title":{"rendered":"L\u00e9gumes saut\u00e9s 800 cc"},"content":{"rendered":"<p>M\u00e9lange de l\u00e9gumes cuisin\u00e9s fa\u00e7on wok.<\/p>\n<p>Composition:<\/p>\n<p>Choux chinois, courgette, carotte, christophine, oignons, poireau, assaisonnement.<\/p>\n","protected":false},"excerpt":{"rendered":"<p>M\u00e9lange de l\u00e9gumes cuisin\u00e9s fa\u00e7on wok. Composition: Choux chinois, courgette, carotte, christophine, oignons, poireau, assaisonnement.<\/p>\n","protected":false},"featured_media":2125,"comment_status":"open","ping_status":"closed","template":"","meta":[],"product_brand":[],"product_cat":[18],"product_tag":[],"class_list":{"0":"post-2126","1":"product","2":"type-product","3":"status-publish","4":"has-post-thumbnail","6":"product_cat-legumes","8":"first","9":"instock","10":"shipping-taxable","11":"purchasable","12":"product-type-simple"},"_links":{"self":[{"href":"https:\/\/www.saigon-delices.fr\/store\/wp-json\/wp\/v2\/product\/2126","targetHints":{"allow":["GET"]}}],"collection":[{"href":"https:\/\/www.saigon-delices.fr\/store\/wp-json\/wp\/v2\/product"}],"about":[{"href":"https:\/\/www.saigon-delices.fr\/store\/wp-json\/wp\/v2\/types\/product"}],"replies":[{"embeddable":true,"href":"https:\/\/www.saigon-delices.fr\/store\/wp-json\/wp\/v2\/comments?post=2126"}],"wp:featuredmedia":[{"embeddable":true,"href":"https:\/\/www.saigon-delices.fr\/store\/wp-json\/wp\/v2\/media\/2125"}],"wp:attachment":[{"href":"https:\/\/www.saigon-delices.fr\/store\/wp-json\/wp\/v2\/media?parent=2126"}],"wp:term":[{"taxonomy":"product_brand","embeddable":true,"href":"https:\/\/www.saigon-delices.fr\/store\/wp-json\/wp\/v2\/product_brand?post=2126"},{"taxonomy":"product_cat","embeddable":true,"href":"https:\/\/www.saigon-delices.fr\/store\/wp-json\/wp\/v2\/product_cat?post=2126"},{"taxonomy":"product_tag","embeddable":true,"href":"https:\/\/www.saigon-delices.fr\/store\/wp-json\/wp\/v2\/product_tag?post=2126"}],"curies":[{"name":"wp","href":"https:\/\/api.w.org\/{rel}","templated":true}]}}