{"id":1897,"date":"2020-04-10T17:10:05","date_gmt":"2020-04-10T15:10:05","guid":{"rendered":"https:\/\/www.saigon-delices.fr\/store\/?post_type=product&#038;p=1897"},"modified":"2020-09-21T21:37:40","modified_gmt":"2020-09-21T19:37:40","slug":"gateau-soja-coco-2-la-piece","status":"publish","type":"product","link":"https:\/\/www.saigon-delices.fr\/store\/produit\/gateau-soja-coco-2-la-piece\/","title":{"rendered":"G\u00e2teau Soja-coco 2 &#8211; la pi\u00e8ce (A la demande)"},"content":{"rendered":"<p style=\"text-align: center;\"><strong>Autre variante\u00a0 de g\u00e2teau soja-coco<\/strong><\/p>\n<p><strong>Ingr\u00e9dients:<\/strong><\/p>\n<p><span style=\"color: #ff0000;\">Soja<\/span> (25%), coco (22%), sucre, <span style=\"color: #ff0000;\">farine de bl\u00e9<\/span>, sel, colorant E102<\/p>\n<p>Poids environ 50 g<\/p>\n<p><span style=\"color: #000000;\">Peut avoir des effets ind\u00e9sirable sur l&rsquo;activit\u00e9 et l&rsquo;attention chez les enfants.<\/span><\/p>\n<p>A conserver au sec et \u00e0 l&rsquo;abri de chaleur.<\/p>\n","protected":false},"excerpt":{"rendered":"<p>Autre variante\u00a0 de g\u00e2teau soja-coco Ingr\u00e9dients: Soja (25%), coco (22%), sucre, farine de bl\u00e9, sel, colorant E102 Poids environ 50 g Peut avoir des effets ind\u00e9sirable sur l&rsquo;activit\u00e9 et l&rsquo;attention chez les enfants. A conserver au sec et \u00e0 l&rsquo;abri de chaleur.<\/p>\n","protected":false},"featured_media":1898,"comment_status":"open","ping_status":"closed","template":"","meta":[],"product_brand":[],"product_cat":[16,26],"product_tag":[],"class_list":{"0":"post-1897","1":"product","2":"type-product","3":"status-publish","4":"has-post-thumbnail","6":"product_cat-non-classe","7":"product_cat-patisserie","9":"first","10":"instock","11":"shipping-taxable","12":"purchasable","13":"product-type-simple"},"_links":{"self":[{"href":"https:\/\/www.saigon-delices.fr\/store\/wp-json\/wp\/v2\/product\/1897","targetHints":{"allow":["GET"]}}],"collection":[{"href":"https:\/\/www.saigon-delices.fr\/store\/wp-json\/wp\/v2\/product"}],"about":[{"href":"https:\/\/www.saigon-delices.fr\/store\/wp-json\/wp\/v2\/types\/product"}],"replies":[{"embeddable":true,"href":"https:\/\/www.saigon-delices.fr\/store\/wp-json\/wp\/v2\/comments?post=1897"}],"wp:featuredmedia":[{"embeddable":true,"href":"https:\/\/www.saigon-delices.fr\/store\/wp-json\/wp\/v2\/media\/1898"}],"wp:attachment":[{"href":"https:\/\/www.saigon-delices.fr\/store\/wp-json\/wp\/v2\/media?parent=1897"}],"wp:term":[{"taxonomy":"product_brand","embeddable":true,"href":"https:\/\/www.saigon-delices.fr\/store\/wp-json\/wp\/v2\/product_brand?post=1897"},{"taxonomy":"product_cat","embeddable":true,"href":"https:\/\/www.saigon-delices.fr\/store\/wp-json\/wp\/v2\/product_cat?post=1897"},{"taxonomy":"product_tag","embeddable":true,"href":"https:\/\/www.saigon-delices.fr\/store\/wp-json\/wp\/v2\/product_tag?post=1897"}],"curies":[{"name":"wp","href":"https:\/\/api.w.org\/{rel}","templated":true}]}}