{"id":1893,"date":"2020-04-10T15:36:41","date_gmt":"2020-04-10T13:36:41","guid":{"rendered":"https:\/\/www.saigon-delices.fr\/store\/?post_type=product&#038;p=1893"},"modified":"2020-09-21T21:45:19","modified_gmt":"2020-09-21T19:45:19","slug":"gateaux-noix-de-coco-1e-piece","status":"publish","type":"product","link":"https:\/\/www.saigon-delices.fr\/store\/produit\/gateaux-noix-de-coco-1e-piece\/","title":{"rendered":"Tartelette de coco (la pi\u00e8ce) (A la demande)"},"content":{"rendered":"<p><strong>Ingr\u00e9dients : <\/strong><\/p>\n<p>Coco (48%), sucre (26%), <span style=\"color: #ff0000;\">\u0153ufs<\/span> (12%), <span style=\"color: #ff0000;\">farine de bl\u00e9<\/span> (7%), <span style=\"color: #ff0000;\">lait en poudre<\/span> (5%)<\/p>\n<p>(5%), <span style=\"color: #ff0000;\">beurre<\/span> (2.4%),miel (1.5%), ar\u00f4me (0.1%)<\/p>\n<p>&nbsp;<\/p>\n","protected":false},"excerpt":{"rendered":"<p>Ingr\u00e9dients : Coco (48%), sucre (26%), \u0153ufs (12%), farine de bl\u00e9 (7%), lait en poudre (5%) (5%), beurre (2.4%),miel (1.5%), ar\u00f4me (0.1%) &nbsp;<\/p>\n","protected":false},"featured_media":1894,"comment_status":"open","ping_status":"closed","template":"","meta":[],"product_brand":[],"product_cat":[26],"product_tag":[],"class_list":{"0":"post-1893","1":"product","2":"type-product","3":"status-publish","4":"has-post-thumbnail","6":"product_cat-patisserie","8":"first","9":"instock","10":"shipping-taxable","11":"purchasable","12":"product-type-simple"},"_links":{"self":[{"href":"https:\/\/www.saigon-delices.fr\/store\/wp-json\/wp\/v2\/product\/1893","targetHints":{"allow":["GET"]}}],"collection":[{"href":"https:\/\/www.saigon-delices.fr\/store\/wp-json\/wp\/v2\/product"}],"about":[{"href":"https:\/\/www.saigon-delices.fr\/store\/wp-json\/wp\/v2\/types\/product"}],"replies":[{"embeddable":true,"href":"https:\/\/www.saigon-delices.fr\/store\/wp-json\/wp\/v2\/comments?post=1893"}],"wp:featuredmedia":[{"embeddable":true,"href":"https:\/\/www.saigon-delices.fr\/store\/wp-json\/wp\/v2\/media\/1894"}],"wp:attachment":[{"href":"https:\/\/www.saigon-delices.fr\/store\/wp-json\/wp\/v2\/media?parent=1893"}],"wp:term":[{"taxonomy":"product_brand","embeddable":true,"href":"https:\/\/www.saigon-delices.fr\/store\/wp-json\/wp\/v2\/product_brand?post=1893"},{"taxonomy":"product_cat","embeddable":true,"href":"https:\/\/www.saigon-delices.fr\/store\/wp-json\/wp\/v2\/product_cat?post=1893"},{"taxonomy":"product_tag","embeddable":true,"href":"https:\/\/www.saigon-delices.fr\/store\/wp-json\/wp\/v2\/product_tag?post=1893"}],"curies":[{"name":"wp","href":"https:\/\/api.w.org\/{rel}","templated":true}]}}