{"id":1823,"date":"2020-03-31T20:14:24","date_gmt":"2020-03-31T18:14:24","guid":{"rendered":"https:\/\/www.saigon-delices.fr\/store\/?post_type=product&#038;p=1823"},"modified":"2022-02-08T17:39:12","modified_gmt":"2022-02-08T16:39:12","slug":"soupe-pho-poulet","status":"publish","type":"product","link":"https:\/\/www.saigon-delices.fr\/store\/produit\/soupe-pho-poulet\/","title":{"rendered":"Soupe Pho Ga (poulet) (A regrouper 10)"},"content":{"rendered":"<p style=\"text-align: center;\"><strong>Soupe traditionnelle Vietnamienne<\/strong><\/p>\n<p>Poulet \u00e9minc\u00e9, nouilles de riz, coriandre, ciboulette, \u00e9pices pour Pho<\/p>\n<p><span style=\"color: #ff0000;\"><strong>Minimum de commande pour 10 personnes<\/strong><\/span><\/p>\n<p>Pour des raisons de pr\u00e9paration il est pr\u00e9f\u00e9rable de regrouper\u00a0 pour un minimum de 10 portions<\/p>\n","protected":false},"excerpt":{"rendered":"<p>Soupe traditionnelle Vietnamienne Poulet \u00e9minc\u00e9, nouilles de riz, coriandre, ciboulette, \u00e9pices pour Pho Minimum de commande pour 10 personnes Pour des raisons de pr\u00e9paration il est pr\u00e9f\u00e9rable de regrouper\u00a0 pour un minimum de 10 portions<\/p>\n","protected":false},"featured_media":1941,"comment_status":"open","ping_status":"closed","template":"","meta":[],"product_brand":[],"product_cat":[35],"product_tag":[],"class_list":{"0":"post-1823","1":"product","2":"type-product","3":"status-publish","4":"has-post-thumbnail","6":"product_cat-soupe","8":"first","9":"instock","10":"shipping-taxable","11":"purchasable","12":"product-type-simple"},"_links":{"self":[{"href":"https:\/\/www.saigon-delices.fr\/store\/wp-json\/wp\/v2\/product\/1823","targetHints":{"allow":["GET"]}}],"collection":[{"href":"https:\/\/www.saigon-delices.fr\/store\/wp-json\/wp\/v2\/product"}],"about":[{"href":"https:\/\/www.saigon-delices.fr\/store\/wp-json\/wp\/v2\/types\/product"}],"replies":[{"embeddable":true,"href":"https:\/\/www.saigon-delices.fr\/store\/wp-json\/wp\/v2\/comments?post=1823"}],"wp:featuredmedia":[{"embeddable":true,"href":"https:\/\/www.saigon-delices.fr\/store\/wp-json\/wp\/v2\/media\/1941"}],"wp:attachment":[{"href":"https:\/\/www.saigon-delices.fr\/store\/wp-json\/wp\/v2\/media?parent=1823"}],"wp:term":[{"taxonomy":"product_brand","embeddable":true,"href":"https:\/\/www.saigon-delices.fr\/store\/wp-json\/wp\/v2\/product_brand?post=1823"},{"taxonomy":"product_cat","embeddable":true,"href":"https:\/\/www.saigon-delices.fr\/store\/wp-json\/wp\/v2\/product_cat?post=1823"},{"taxonomy":"product_tag","embeddable":true,"href":"https:\/\/www.saigon-delices.fr\/store\/wp-json\/wp\/v2\/product_tag?post=1823"}],"curies":[{"name":"wp","href":"https:\/\/api.w.org\/{rel}","templated":true}]}}