{"id":1821,"date":"2020-03-31T20:04:54","date_gmt":"2020-03-31T18:04:54","guid":{"rendered":"https:\/\/www.saigon-delices.fr\/store\/?post_type=product&#038;p=1821"},"modified":"2022-04-05T18:14:10","modified_gmt":"2022-04-05T16:14:10","slug":"soupe-pho","status":"publish","type":"product","link":"https:\/\/www.saigon-delices.fr\/store\/produit\/soupe-pho\/","title":{"rendered":"Soupe Pho Bo (b\u0153uf) (A regrouper 10)"},"content":{"rendered":"<p style=\"text-align: center;\"><strong>Soupe traditionnelle Vietnamienne<\/strong><\/p>\n<p>Jarret de b\u0153uf, boulette de b\u0153uf, nouilles de riz, coriandre, ciboulette, \u00e9pices pour Pho<\/p>\n<p><span style=\"color: #ff0000;\"><strong>Minimum de commande pour 10 soupes. (A regrouper)<br \/>\n<\/strong><\/span><\/p>\n<p>Pour des raisons de pr\u00e9paration il est pr\u00e9f\u00e9rable de regrouper\u00a0 pour un minimum de 10 portions.<\/p>\n<p>Tarif d\u00e9gressif a partir de la deuxi\u00e8me.<\/p>\n","protected":false},"excerpt":{"rendered":"<p>Soupe traditionnelle Vietnamienne Jarret de b\u0153uf, boulette de b\u0153uf, nouilles de riz, coriandre, ciboulette, \u00e9pices pour Pho Minimum de commande pour 10 soupes. (A regrouper) Pour des raisons de pr\u00e9paration il est pr\u00e9f\u00e9rable de regrouper\u00a0 pour un minimum de 10 portions. Tarif d\u00e9gressif a partir de la deuxi\u00e8me.<\/p>\n","protected":false},"featured_media":1936,"comment_status":"open","ping_status":"closed","template":"","meta":[],"product_brand":[],"product_cat":[35],"product_tag":[],"class_list":{"0":"post-1821","1":"product","2":"type-product","3":"status-publish","4":"has-post-thumbnail","6":"product_cat-soupe","8":"first","9":"instock","10":"shipping-taxable","11":"purchasable","12":"product-type-simple"},"_links":{"self":[{"href":"https:\/\/www.saigon-delices.fr\/store\/wp-json\/wp\/v2\/product\/1821","targetHints":{"allow":["GET"]}}],"collection":[{"href":"https:\/\/www.saigon-delices.fr\/store\/wp-json\/wp\/v2\/product"}],"about":[{"href":"https:\/\/www.saigon-delices.fr\/store\/wp-json\/wp\/v2\/types\/product"}],"replies":[{"embeddable":true,"href":"https:\/\/www.saigon-delices.fr\/store\/wp-json\/wp\/v2\/comments?post=1821"}],"wp:featuredmedia":[{"embeddable":true,"href":"https:\/\/www.saigon-delices.fr\/store\/wp-json\/wp\/v2\/media\/1936"}],"wp:attachment":[{"href":"https:\/\/www.saigon-delices.fr\/store\/wp-json\/wp\/v2\/media?parent=1821"}],"wp:term":[{"taxonomy":"product_brand","embeddable":true,"href":"https:\/\/www.saigon-delices.fr\/store\/wp-json\/wp\/v2\/product_brand?post=1821"},{"taxonomy":"product_cat","embeddable":true,"href":"https:\/\/www.saigon-delices.fr\/store\/wp-json\/wp\/v2\/product_cat?post=1821"},{"taxonomy":"product_tag","embeddable":true,"href":"https:\/\/www.saigon-delices.fr\/store\/wp-json\/wp\/v2\/product_tag?post=1821"}],"curies":[{"name":"wp","href":"https:\/\/api.w.org\/{rel}","templated":true}]}}