{"id":1820,"date":"2020-03-31T20:00:36","date_gmt":"2020-03-31T18:00:36","guid":{"rendered":"https:\/\/www.saigon-delices.fr\/store\/?post_type=product&#038;p=1820"},"modified":"2022-05-17T18:48:36","modified_gmt":"2022-05-17T16:48:36","slug":"bo-kho-boeuf-facon-vietnam","status":"publish","type":"product","link":"https:\/\/www.saigon-delices.fr\/store\/produit\/bo-kho-boeuf-facon-vietnam\/","title":{"rendered":"B\u00f4 Kho (B\u0153uf) (375 cc)"},"content":{"rendered":"<p style=\"text-align: center;\"><strong>B\u0153uf, style b\u0153uf bourguignon, fa\u00e7on Vietnam<\/strong><\/p>\n<p><strong>Ingr\u00e9dients :<\/strong><\/p>\n<p>Boeuf \u00e0 Bourguignon, carotte, \u00e9pices, cannelle, anis \u00e9toil\u00e9e, <span style=\"color: #ff0000;\">soja bean<\/span>, tomate \u00e9minc\u00e9e. Autres ingr\u00e9dients asiatique<\/p>\n","protected":false},"excerpt":{"rendered":"<p>B\u0153uf, style b\u0153uf bourguignon, fa\u00e7on Vietnam Ingr\u00e9dients : Boeuf \u00e0 Bourguignon, carotte, \u00e9pices, cannelle, anis \u00e9toil\u00e9e, soja bean, tomate \u00e9minc\u00e9e. Autres ingr\u00e9dients asiatique<\/p>\n","protected":false},"featured_media":1939,"comment_status":"open","ping_status":"closed","template":"","meta":[],"product_brand":[],"product_cat":[17],"product_tag":[],"class_list":{"0":"post-1820","1":"product","2":"type-product","3":"status-publish","4":"has-post-thumbnail","6":"product_cat-plats","8":"first","9":"instock","10":"shipping-taxable","11":"purchasable","12":"product-type-simple"},"_links":{"self":[{"href":"https:\/\/www.saigon-delices.fr\/store\/wp-json\/wp\/v2\/product\/1820","targetHints":{"allow":["GET"]}}],"collection":[{"href":"https:\/\/www.saigon-delices.fr\/store\/wp-json\/wp\/v2\/product"}],"about":[{"href":"https:\/\/www.saigon-delices.fr\/store\/wp-json\/wp\/v2\/types\/product"}],"replies":[{"embeddable":true,"href":"https:\/\/www.saigon-delices.fr\/store\/wp-json\/wp\/v2\/comments?post=1820"}],"wp:featuredmedia":[{"embeddable":true,"href":"https:\/\/www.saigon-delices.fr\/store\/wp-json\/wp\/v2\/media\/1939"}],"wp:attachment":[{"href":"https:\/\/www.saigon-delices.fr\/store\/wp-json\/wp\/v2\/media?parent=1820"}],"wp:term":[{"taxonomy":"product_brand","embeddable":true,"href":"https:\/\/www.saigon-delices.fr\/store\/wp-json\/wp\/v2\/product_brand?post=1820"},{"taxonomy":"product_cat","embeddable":true,"href":"https:\/\/www.saigon-delices.fr\/store\/wp-json\/wp\/v2\/product_cat?post=1820"},{"taxonomy":"product_tag","embeddable":true,"href":"https:\/\/www.saigon-delices.fr\/store\/wp-json\/wp\/v2\/product_tag?post=1820"}],"curies":[{"name":"wp","href":"https:\/\/api.w.org\/{rel}","templated":true}]}}