{"id":1333,"date":"2020-02-05T19:01:24","date_gmt":"2020-02-05T18:01:24","guid":{"rendered":"https:\/\/www.saigon-delices.fr\/store\/?post_type=product&#038;p=1333"},"modified":"2022-05-17T18:53:21","modified_gmt":"2022-05-17T16:53:21","slug":"boeuf-citronnelle-la-part","status":"publish","type":"product","link":"https:\/\/www.saigon-delices.fr\/store\/produit\/boeuf-citronnelle-la-part\/","title":{"rendered":"B\u0153uf Citronnelle (375 cc)"},"content":{"rendered":"<p>Merlan de b\u0153uf \u00e9minc\u00e9 et marin\u00e9, citronnelle, oignon<\/p>\n<p>Barquette de 375 cc<\/p>\n","protected":false},"excerpt":{"rendered":"<p>Merlan de b\u0153uf \u00e9minc\u00e9 et marin\u00e9, citronnelle, oignon Barquette de 375 cc<\/p>\n","protected":false},"featured_media":522,"comment_status":"open","ping_status":"closed","template":"","meta":[],"product_brand":[],"product_cat":[17],"product_tag":[],"class_list":{"0":"post-1333","1":"product","2":"type-product","3":"status-publish","4":"has-post-thumbnail","6":"product_cat-plats","8":"first","9":"instock","10":"shipping-taxable","11":"purchasable","12":"product-type-simple"},"_links":{"self":[{"href":"https:\/\/www.saigon-delices.fr\/store\/wp-json\/wp\/v2\/product\/1333","targetHints":{"allow":["GET"]}}],"collection":[{"href":"https:\/\/www.saigon-delices.fr\/store\/wp-json\/wp\/v2\/product"}],"about":[{"href":"https:\/\/www.saigon-delices.fr\/store\/wp-json\/wp\/v2\/types\/product"}],"replies":[{"embeddable":true,"href":"https:\/\/www.saigon-delices.fr\/store\/wp-json\/wp\/v2\/comments?post=1333"}],"wp:featuredmedia":[{"embeddable":true,"href":"https:\/\/www.saigon-delices.fr\/store\/wp-json\/wp\/v2\/media\/522"}],"wp:attachment":[{"href":"https:\/\/www.saigon-delices.fr\/store\/wp-json\/wp\/v2\/media?parent=1333"}],"wp:term":[{"taxonomy":"product_brand","embeddable":true,"href":"https:\/\/www.saigon-delices.fr\/store\/wp-json\/wp\/v2\/product_brand?post=1333"},{"taxonomy":"product_cat","embeddable":true,"href":"https:\/\/www.saigon-delices.fr\/store\/wp-json\/wp\/v2\/product_cat?post=1333"},{"taxonomy":"product_tag","embeddable":true,"href":"https:\/\/www.saigon-delices.fr\/store\/wp-json\/wp\/v2\/product_tag?post=1333"}],"curies":[{"name":"wp","href":"https:\/\/api.w.org\/{rel}","templated":true}]}}