{"id":130,"date":"2022-05-17T18:39:01","date_gmt":"2022-05-17T16:39:01","guid":{"rendered":"https:\/\/www.saigon-delices.fr\/store\/?post_type=product&#038;p=130"},"modified":"2022-05-17T19:44:37","modified_gmt":"2022-05-17T17:44:37","slug":"samoussas-au-boeuf","status":"publish","type":"product","link":"https:\/\/www.saigon-delices.fr\/store\/produit\/samoussas-au-boeuf\/","title":{"rendered":"Samoussas au b\u0153uf 2.5 les 2 ou 6\u20ac les 5"},"content":{"rendered":"<p>Vendu \u00e0 la pi\u00e8ce<\/p>\n<p>Composition ;<\/p>\n<p>B\u0153uf hach\u00e9, oignon, sel, poivre, \u00e9pices de curry<\/p>\n","protected":false},"excerpt":{"rendered":"<p>Vendu \u00e0 la pi\u00e8ce Composition ; B\u0153uf hach\u00e9, oignon, sel, poivre, \u00e9pices de curry<\/p>\n","protected":false},"featured_media":131,"comment_status":"open","ping_status":"closed","template":"","meta":[],"product_brand":[],"product_cat":[23],"product_tag":[],"class_list":{"0":"post-130","1":"product","2":"type-product","3":"status-publish","4":"has-post-thumbnail","6":"product_cat-fritures-2","8":"first","9":"instock","10":"virtual","11":"purchasable","12":"product-type-simple"},"_links":{"self":[{"href":"https:\/\/www.saigon-delices.fr\/store\/wp-json\/wp\/v2\/product\/130","targetHints":{"allow":["GET"]}}],"collection":[{"href":"https:\/\/www.saigon-delices.fr\/store\/wp-json\/wp\/v2\/product"}],"about":[{"href":"https:\/\/www.saigon-delices.fr\/store\/wp-json\/wp\/v2\/types\/product"}],"replies":[{"embeddable":true,"href":"https:\/\/www.saigon-delices.fr\/store\/wp-json\/wp\/v2\/comments?post=130"}],"wp:featuredmedia":[{"embeddable":true,"href":"https:\/\/www.saigon-delices.fr\/store\/wp-json\/wp\/v2\/media\/131"}],"wp:attachment":[{"href":"https:\/\/www.saigon-delices.fr\/store\/wp-json\/wp\/v2\/media?parent=130"}],"wp:term":[{"taxonomy":"product_brand","embeddable":true,"href":"https:\/\/www.saigon-delices.fr\/store\/wp-json\/wp\/v2\/product_brand?post=130"},{"taxonomy":"product_cat","embeddable":true,"href":"https:\/\/www.saigon-delices.fr\/store\/wp-json\/wp\/v2\/product_cat?post=130"},{"taxonomy":"product_tag","embeddable":true,"href":"https:\/\/www.saigon-delices.fr\/store\/wp-json\/wp\/v2\/product_tag?post=130"}],"curies":[{"name":"wp","href":"https:\/\/api.w.org\/{rel}","templated":true}]}}