{"id":126,"date":"2022-05-17T18:41:14","date_gmt":"2022-05-17T16:41:14","guid":{"rendered":"https:\/\/www.saigon-delices.fr\/store\/?post_type=product&#038;p=126"},"modified":"2025-07-04T19:10:56","modified_gmt":"2025-07-04T17:10:56","slug":"salade-bo-bun","status":"publish","type":"product","link":"https:\/\/www.saigon-delices.fr\/store\/produit\/salade-bo-bun\/","title":{"rendered":"Salade B\u00f4 bun (B\u0153uf) (A la demande jusqu&rsquo;\u00e0 vendredi soir)"},"content":{"rendered":"<p>Composition:<\/p>\n<p>Vermicelle de riz, salade, \u00e9minc\u00e9 de b\u0153uf marin\u00e9, ail, oignon, citronnelle, germe de<span style=\"color: #ff0000;\"><strong> soja<\/strong><\/span>, curry, <span style=\"color: #ff0000;\"><strong>cacahu\u00e8te<\/strong><\/span> pil\u00e9e<\/p>\n<p>Bol de 750 cc<\/p>\n","protected":false},"excerpt":{"rendered":"<p>Composition: Vermicelle de riz, salade, \u00e9minc\u00e9 de b\u0153uf marin\u00e9, ail, oignon, citronnelle, germe de soja, curry, cacahu\u00e8te pil\u00e9e Bol de 750 cc<\/p>\n","protected":false},"featured_media":523,"comment_status":"open","ping_status":"closed","template":"","meta":[],"product_brand":[],"product_cat":[24],"product_tag":[],"class_list":{"0":"post-126","1":"product","2":"type-product","3":"status-publish","4":"has-post-thumbnail","6":"product_cat-salade","8":"first","9":"instock","10":"virtual","11":"purchasable","12":"product-type-simple"},"_links":{"self":[{"href":"https:\/\/www.saigon-delices.fr\/store\/wp-json\/wp\/v2\/product\/126","targetHints":{"allow":["GET"]}}],"collection":[{"href":"https:\/\/www.saigon-delices.fr\/store\/wp-json\/wp\/v2\/product"}],"about":[{"href":"https:\/\/www.saigon-delices.fr\/store\/wp-json\/wp\/v2\/types\/product"}],"replies":[{"embeddable":true,"href":"https:\/\/www.saigon-delices.fr\/store\/wp-json\/wp\/v2\/comments?post=126"}],"wp:featuredmedia":[{"embeddable":true,"href":"https:\/\/www.saigon-delices.fr\/store\/wp-json\/wp\/v2\/media\/523"}],"wp:attachment":[{"href":"https:\/\/www.saigon-delices.fr\/store\/wp-json\/wp\/v2\/media?parent=126"}],"wp:term":[{"taxonomy":"product_brand","embeddable":true,"href":"https:\/\/www.saigon-delices.fr\/store\/wp-json\/wp\/v2\/product_brand?post=126"},{"taxonomy":"product_cat","embeddable":true,"href":"https:\/\/www.saigon-delices.fr\/store\/wp-json\/wp\/v2\/product_cat?post=126"},{"taxonomy":"product_tag","embeddable":true,"href":"https:\/\/www.saigon-delices.fr\/store\/wp-json\/wp\/v2\/product_tag?post=126"}],"curies":[{"name":"wp","href":"https:\/\/api.w.org\/{rel}","templated":true}]}}