{"id":109,"date":"2018-07-10T11:17:59","date_gmt":"2018-07-10T09:17:59","guid":{"rendered":"https:\/\/www.saigon-delices.fr\/store\/?post_type=product&#038;p=109"},"modified":"2020-05-19T11:34:31","modified_gmt":"2020-05-19T09:34:31","slug":"pate-imperial-crabe","status":"publish","type":"product","link":"https:\/\/www.saigon-delices.fr\/store\/produit\/pate-imperial-crabe\/","title":{"rendered":"P\u00e2t\u00e9 imp\u00e9rial crabe Les 2 (\u00e0 la demande d\u00e9but de semaine)"},"content":{"rendered":"<h5>Vendu par 2<\/h5>\n<h5><strong>Composition :<\/strong><\/h5>\n<h5>Chair de <strong><span style=\"color: #ff0000;\">crabe<\/span><\/strong> (Portunus pelagicus)<\/h5>\n<h5>27% <span style=\"color: #ff0000;\"><strong>Crevette<\/strong><\/span> (Metapenaeus affinis)<\/h5>\n<h5>23% Patate douce, vermicelle de haricot Mungo,<\/h5>\n<h5>pousse de haricot mungo, Carotte, oignon, ail,<\/h5>\n<h5>poivre, sucre, sel<\/h5>\n<p>&nbsp;<\/p>\n","protected":false},"excerpt":{"rendered":"<p>Vendu par 2 Composition : Chair de crabe (Portunus pelagicus) 27% Crevette (Metapenaeus affinis) 23% Patate douce, vermicelle de haricot Mungo, pousse de haricot mungo, Carotte, oignon, ail, poivre, sucre, sel &nbsp;<\/p>\n","protected":false},"featured_media":302,"comment_status":"open","ping_status":"closed","template":"","meta":[],"product_brand":[],"product_cat":[23],"product_tag":[],"class_list":{"0":"post-109","1":"product","2":"type-product","3":"status-publish","4":"has-post-thumbnail","6":"product_cat-fritures-2","8":"first","9":"instock","10":"virtual","11":"purchasable","12":"product-type-simple"},"_links":{"self":[{"href":"https:\/\/www.saigon-delices.fr\/store\/wp-json\/wp\/v2\/product\/109","targetHints":{"allow":["GET"]}}],"collection":[{"href":"https:\/\/www.saigon-delices.fr\/store\/wp-json\/wp\/v2\/product"}],"about":[{"href":"https:\/\/www.saigon-delices.fr\/store\/wp-json\/wp\/v2\/types\/product"}],"replies":[{"embeddable":true,"href":"https:\/\/www.saigon-delices.fr\/store\/wp-json\/wp\/v2\/comments?post=109"}],"wp:featuredmedia":[{"embeddable":true,"href":"https:\/\/www.saigon-delices.fr\/store\/wp-json\/wp\/v2\/media\/302"}],"wp:attachment":[{"href":"https:\/\/www.saigon-delices.fr\/store\/wp-json\/wp\/v2\/media?parent=109"}],"wp:term":[{"taxonomy":"product_brand","embeddable":true,"href":"https:\/\/www.saigon-delices.fr\/store\/wp-json\/wp\/v2\/product_brand?post=109"},{"taxonomy":"product_cat","embeddable":true,"href":"https:\/\/www.saigon-delices.fr\/store\/wp-json\/wp\/v2\/product_cat?post=109"},{"taxonomy":"product_tag","embeddable":true,"href":"https:\/\/www.saigon-delices.fr\/store\/wp-json\/wp\/v2\/product_tag?post=109"}],"curies":[{"name":"wp","href":"https:\/\/api.w.org\/{rel}","templated":true}]}}