{"id":46,"date":"2018-11-10T16:03:31","date_gmt":"2018-11-10T15:03:31","guid":{"rendered":"https:\/\/www.saigon-delices.fr\/store\/index.php\/mon-compte\/"},"modified":"2022-11-10T16:03:20","modified_gmt":"2022-11-10T15:03:20","slug":"mon-compte","status":"publish","type":"page","link":"https:\/\/www.saigon-delices.fr\/store\/mon-compte\/","title":{"rendered":"Mon compte"},"content":{"rendered":"<div class=\"woocommerce\"><\/div>\n\n\n<p class=\"has-text-color has-vivid-red-color\"><strong>Cr\u00e9er votre compte ;<\/strong><\/p>\n\n\n\n<p class=\"has-text-color has-vivid-red-color\"><strong>Cela vous permet de passer vos commandes en ligne et de r\u00e9gler \u00e0 la r\u00e9ception ou sur un des march\u00e9s.<\/strong><\/p>\n\n\n\n<p class=\"has-text-color has-vivid-red-color\"><strong>Recevoir des informations et \u00eatre averti des manifestations et promotions, en vous inscrivant la news lettre<\/strong><\/p>\n","protected":false},"excerpt":{"rendered":"<p>Cr\u00e9er votre compte ; Cela vous permet de passer vos commandes en ligne et de r\u00e9gler \u00e0 la r\u00e9ception ou sur un des march\u00e9s. Recevoir des informations et \u00eatre averti des manifestations et promotions, en vous inscrivant la news lettre<\/p>\n","protected":false},"author":1,"featured_media":0,"parent":0,"menu_order":0,"comment_status":"closed","ping_status":"closed","template":"","meta":{"footnotes":""},"class_list":["post-46","page","type-page","status-publish","hentry"],"_links":{"self":[{"href":"https:\/\/www.saigon-delices.fr\/store\/wp-json\/wp\/v2\/pages\/46","targetHints":{"allow":["GET"]}}],"collection":[{"href":"https:\/\/www.saigon-delices.fr\/store\/wp-json\/wp\/v2\/pages"}],"about":[{"href":"https:\/\/www.saigon-delices.fr\/store\/wp-json\/wp\/v2\/types\/page"}],"author":[{"embeddable":true,"href":"https:\/\/www.saigon-delices.fr\/store\/wp-json\/wp\/v2\/users\/1"}],"replies":[{"embeddable":true,"href":"https:\/\/www.saigon-delices.fr\/store\/wp-json\/wp\/v2\/comments?post=46"}],"version-history":[{"count":13,"href":"https:\/\/www.saigon-delices.fr\/store\/wp-json\/wp\/v2\/pages\/46\/revisions"}],"predecessor-version":[{"id":1992,"href":"https:\/\/www.saigon-delices.fr\/store\/wp-json\/wp\/v2\/pages\/46\/revisions\/1992"}],"wp:attachment":[{"href":"https:\/\/www.saigon-delices.fr\/store\/wp-json\/wp\/v2\/media?parent=46"}],"curies":[{"name":"wp","href":"https:\/\/api.w.org\/{rel}","templated":true}]}}