{"id":2591,"date":"2023-11-21T08:51:00","date_gmt":"2023-11-21T07:51:00","guid":{"rendered":"https:\/\/www.saigon-delices.fr\/store\/?page_id=2591"},"modified":"2024-12-17T16:18:56","modified_gmt":"2024-12-17T15:18:56","slug":"menu","status":"publish","type":"page","link":"https:\/\/www.saigon-delices.fr\/store\/menu\/","title":{"rendered":"Menu"},"content":{"rendered":"\n<p class=\"has-text-align-center has-vivid-red-color has-text-color has-medium-font-size\"><strong><mark style=\"background-color:rgba(0, 0, 0, 0);color:#0c435b\" class=\"has-inline-color\">(Modification possible jusqu&rsquo;\u00e0 mardi matin du menu, suivant les demandes de chacun)<\/mark><\/strong>.<\/p>\n\n\n\n<p class=\"has-text-align-center has-medium-font-size\"> <mark style=\"background-color:rgba(0, 0, 0, 0);color:#0f4a63\" class=\"has-inline-color\"><strong>Les plats cuisin\u00e9s sont variables d&rsquo;une semaine \u00e0 l&rsquo;autre<\/strong>.<\/mark> <\/p>\n\n\n\n<p class=\"has-text-align-center has-black-color has-text-color has-medium-font-size\"> <strong>Samedi,  march\u00e9 de Cournonterral.<\/strong><\/p>\n\n\n\n<p class=\"has-text-align-center has-medium-font-size\"> <strong>Dimanche, march\u00e9 de Valflaun\u00e8s<\/strong>.<\/p>\n\n\n\n<p><\/p>\n\n\n\n<p class=\"has-text-align-center has-vivid-cyan-blue-color has-text-color has-large-font-size\"><strong>R\u00f4tisserie  samedi <\/strong><\/p>\n\n\n\n<p class=\"has-text-align-center has-vivid-cyan-blue-color has-text-color has-medium-font-size\"><strong>Poulet Jaune 10 \u20ac &#8211; Poulet fermier label rouge 18 \u20ac en r\u00e9servation jusqu&rsquo;au mercredi &#8211; Jambonneau 10 \u20ac<\/strong><\/p>\n\n\n\n<p class=\"has-text-align-center has-vivid-cyan-blue-color has-text-color has-medium-font-size\"><strong>Cuisses de poulet 3.50 \u20ac la pi\u00e8ce &#8211; saucisses de Toulouse 2.50\u20ac la pi\u00e8ce<\/strong><\/p>\n\n\n\n<p class=\"has-text-align-center has-vivid-cyan-blue-color has-text-color has-medium-font-size\"><strong>Accompagnement (pomme de terre, tomate, oignons \u00e9pices) <\/strong><\/p>\n\n\n\n<p class=\"has-text-align-center has-vivid-cyan-blue-color has-text-color has-medium-font-size\"><strong>3 \u20ac les 375 cc<\/strong><\/p>\n\n\n\n<p class=\"has-text-align-center has-vivid-red-color has-text-color has-medium-font-size\"><strong>Pensez \u00e0 r\u00e9server<\/strong><\/p>\n\n\n\n<p class=\"has-text-align-center has-black-color has-text-color has-medium-font-size\"><\/p>\n\n\n\n<p class=\"has-text-align-center has-black-color has-text-color has-large-font-size\"><strong>Pr\u00e9paration asiatique<\/strong><\/p>\n\n\n\n<p class=\"has-text-align-center has-vivid-red-color has-text-color has-medium-font-size\"><strong>Si vous avez une pr\u00e9f\u00e9rence de plats, merci de nous en informer en d\u00e9but de semaine<\/strong>. <\/p>\n\n\n\n<p class=\"has-text-align-center has-vivid-red-color has-text-color has-medium-font-size\"><\/p>\n\n\n\n<p class=\"has-text-align-center has-large-font-size\"><strong>Cuisson vapeur<\/strong><\/p>\n\n\n\n<p class=\"has-text-align-center\"><strong>Une vitrine vapeur est install\u00e9e et nous pouvons distribuer \u00e0 la vente<\/strong><\/p>\n\n\n\n<p class=\"has-text-align-center\"><strong>A consommer sur place ou \u00e0 emporter<\/strong><\/p>\n\n\n\n<p class=\"has-text-align-center\"><strong>Banh Bao  (brioche Chinoise ou Vietnamienne au farci de porc) 2.50 \u20ac pi\u00e8ce<\/strong><\/p>\n\n\n\n<p class=\"has-text-align-center\"><strong>Ha kao (ravioli crevette) 5 \u20ac les 6 pi\u00e8ces<\/strong><\/p>\n\n\n\n<p class=\"has-text-align-center\"><strong> Siu Ma\u00ef (crevette) 5 \u20ac les 6 pi\u00e8ces<\/strong><\/p>\n\n\n\n<p class=\"has-text-align-center\"><strong>Possibilit\u00e9 de Mix (3et 3)<\/strong><\/p>\n\n\n\n<p class=\"has-text-align-center has-vivid-red-color has-text-color\"><strong>Pensez \u00e0 r\u00e9server<\/strong><\/p>\n\n\n\n<p class=\"has-text-align-center has-large-font-size\"><strong>Autres produits \u00e0 la vente<\/strong><\/p>\n\n\n\n<p class=\"has-text-align-center\"><strong>Banh Khot<\/strong> (<strong>Mini cr\u00eapes aux crevettes) 5 \u20ac les 6<\/strong><\/p>\n\n\n\n<p class=\"has-text-align-center\"><strong>Banh Khoai (Cr\u00eapes mi-lune) 3.5 \/ pi\u00e8ce<\/strong><\/p>\n\n\n\n<p class=\"has-text-align-center has-vivid-red-color has-text-color\"><strong>Pensez \u00e0 r\u00e9server<\/strong><\/p>\n\n\n\n<p class=\"has-text-align-center has-vivid-red-color has-text-color\"><strong>Liste des produits en Pr\u00e9paration<\/strong><\/p>\n\n\n\n<p><\/p>\n\n\n\n<p class=\"has-text-align-left\"><strong>Brochette de poulet 2.50 \u20ac pi\u00e8ce<\/strong><\/p>\n\n\n\n<p><strong>Chips de crevette 1 \u20ac le sachet de 10<\/strong><\/p>\n\n\n\n<p><strong>Crispy crevette 1.00 \u20ac pi\u00e8ce<\/strong><\/p>\n\n\n\n<p><strong>L\u00e9gumes saut\u00e9s petite box 5 \u20ac les 480 cc  &#8211; Grande box 9 \u20ac les 800 <mark style=\"background-color:rgba(0, 0, 0, 0)\" class=\"has-inline-color has-vivid-red-color\"><\/mark> cc <\/strong> <\/p>\n\n\n\n<p><strong>Mix l\u00e9gumes nouille Tha\u00ef. Petite box 5 \u20ac les 480 cc &#8211; Grande box 9 \u20ac les 800 cc<\/strong> <\/p>\n\n\n\n<p><strong>Nem de L\u00e9gumes 2.50 \u20ac les 2<\/strong> <strong>ou 6 \u20ac les 5<\/strong><\/p>\n\n\n\n<p><strong>Nem de porc 2.50 \u20ac les 2<\/strong> <strong>ou 6 \u20ac les 5<\/strong><\/p>\n\n\n\n<p><strong>Nem de poulet 2.50 \u20ac les 2<\/strong> <strong>ou 6 \u20ac les 5<\/strong><\/p>\n\n\n\n<p><strong>Nem de crevette 2.50 \u20ac les 2<\/strong> <strong>ou 6 \u20ac les 5<\/strong><\/p>\n\n\n\n<p><strong>Nougat tendre (cacahu\u00e8te et s\u00e9same) 1 \u20ac les 30 gr environ<\/strong><\/p>\n\n\n\n<p><strong>Nouilles Tha\u00ef petite box 5 \u20ac les 480 cc <mark style=\"background-color:rgba(0, 0, 0, 0)\" class=\"has-inline-color has-vivid-red-color\"><\/mark>&#8211; Grande box 9 \u20ac les 800 cc<\/strong> <\/p>\n\n\n\n<p><strong>Plats cuisin\u00e9s sur place variable chaque semaine, suivant les demandes de nos clients<\/strong><\/p>\n\n\n\n<p><strong>Riz cantonnais (sans porc) petite box 4 \u20ac les 480 cc &#8211; Grande box 7 \u20ac les 800 cc<\/strong> <\/p>\n\n\n\n<p><strong>Rouleaux de printemps 3 \u20ac pi\u00e8ce ou 5.50 \u20ac les 2 (Pensez \u00e0 r\u00e9server les v\u00f4tres avant vendredi soir)<\/strong> <\/p>\n\n\n\n<p><strong>Salade B\u00f4 bun (b\u0153uf) 7 \u20ac (sur commande et au plus tard le jeudi soir)<\/strong>  <\/p>\n\n\n\n<p><strong>Salade Tom bun (crevette) 7\u20ac<mark style=\"background-color:rgba(0, 0, 0, 0)\" class=\"has-inline-color has-vivid-red-color\"><\/mark> (sur commande et au plus tard le jeudi soir) <\/strong> <\/p>\n\n\n\n<p><strong>Samoussas b\u0153uf 2.50 \u20ac les 2 ou 6 \u20ac les 5<\/strong> <\/p>\n\n\n\n<p class=\"has-black-color has-text-color\"><strong>Soupe Ph\u1edf b\u00f2 (jarret de b\u0153uf). Sur r\u00e9servation en p\u00e9riode d&rsquo;hiver<\/strong><\/p>\n\n\n\n<p><strong>1 personne = 10,00 \u20ac &#8211; 2 = 19.50 \u20ac &#8211; 3 = 28.50 \u20ac &#8211;<\/strong> <strong>4 = 37.00 \u20ac- 5 = 45.00 \u20ac &#8211; 6 = 54.00 \u20ac<\/strong><\/p>\n\n\n\n<p><strong>Soupe B\u00fan ri\u00eau cua (crabe et porc) sur r\u00e9servation en p\u00e9riode d&rsquo;hiver .10.00 \u20ac pour 1 personne<\/strong><\/p>\n\n\n\n<p class=\"has-vivid-red-color has-text-color\"><strong>Paiements accept\u00e9s, par carte, ch\u00e8que et esp\u00e8ces.<\/strong> <\/p>\n\n\n\n<p><strong>Possibilit\u00e9 de pr\u00e9parer (et mettre en r\u00e9serve) votre commande en appelant<br>au 07 81 24 14 02 ou sur le site<\/strong><br><a rel=\"noreferrer noopener\" href=\"http:\/\/saigon-delices.fr\/store?fbclid=IwAR39H1gnf6WnV9cDwtp-wr5k-iCFRx37rFrjGpsSjk0lRI_xvNS7sW0nIvo\" target=\"_blank\"><strong>saigon-delices.fr\/store<\/strong><\/a> <strong>et de la r\u00e9cup\u00e9rer au march\u00e9 avant 12h30<\/strong>. <\/p>\n\n\n\n<p><strong>Autre possibilit\u00e9 de commander sur le site pour des produits qui n&rsquo;apparaissent pas dans le menu du Week-end <br><\/strong><a rel=\"noreferrer noopener\" href=\"http:\/\/saigon-delices.fr\/store?fbclid=IwAR39H1gnf6WnV9cDwtp-wr5k-iCFRx37rFrjGpsSjk0lRI_xvNS7sW0nIvo\" target=\"_blank\"><strong>saigon-delices.fr\/store<\/strong><\/a><strong> ou par t\u00e9l\u00e9phone, ou par mail<br>Au plus tard mardi matin pour ces commandes sp\u00e9cifiques afin de permettre l&rsquo;organisation des achats et de fraicheur ainsi que la pr\u00e9paration. De venir r\u00e9cup\u00e9rer et r\u00e9gler votre commande au march\u00e9 le samedi ou dimanche matin avant 12h30<\/strong>.<strong> Ou si pr\u00e9vu en livraison.<\/strong> <\/p>\n\n\n\n<p><strong>Heureux de vous servir, Phuong et Gilbert.<\/strong> <\/p>\n","protected":false},"excerpt":{"rendered":"<p>(Modification possible jusqu&rsquo;\u00e0 mardi matin du menu, suivant les demandes de chacun). Les plats cuisin\u00e9s sont variables d&rsquo;une semaine \u00e0 l&rsquo;autre. Samedi, march\u00e9 de Cournonterral. Dimanche, march\u00e9 de Valflaun\u00e8s. R\u00f4tisserie samedi Poulet Jaune 10 \u20ac &#8211; Poulet fermier label rouge 18 \u20ac en r\u00e9servation jusqu&rsquo;au mercredi &#8211; Jambonneau 10 \u20ac Cuisses de poulet 3.50 \u20ac [&hellip;]<\/p>\n","protected":false},"author":1,"featured_media":0,"parent":0,"menu_order":0,"comment_status":"closed","ping_status":"closed","template":"","meta":{"footnotes":""},"class_list":["post-2591","page","type-page","status-publish","hentry"],"_links":{"self":[{"href":"https:\/\/www.saigon-delices.fr\/store\/wp-json\/wp\/v2\/pages\/2591","targetHints":{"allow":["GET"]}}],"collection":[{"href":"https:\/\/www.saigon-delices.fr\/store\/wp-json\/wp\/v2\/pages"}],"about":[{"href":"https:\/\/www.saigon-delices.fr\/store\/wp-json\/wp\/v2\/types\/page"}],"author":[{"embeddable":true,"href":"https:\/\/www.saigon-delices.fr\/store\/wp-json\/wp\/v2\/users\/1"}],"replies":[{"embeddable":true,"href":"https:\/\/www.saigon-delices.fr\/store\/wp-json\/wp\/v2\/comments?post=2591"}],"version-history":[{"count":144,"href":"https:\/\/www.saigon-delices.fr\/store\/wp-json\/wp\/v2\/pages\/2591\/revisions"}],"predecessor-version":[{"id":3101,"href":"https:\/\/www.saigon-delices.fr\/store\/wp-json\/wp\/v2\/pages\/2591\/revisions\/3101"}],"wp:attachment":[{"href":"https:\/\/www.saigon-delices.fr\/store\/wp-json\/wp\/v2\/media?parent=2591"}],"curies":[{"name":"wp","href":"https:\/\/api.w.org\/{rel}","templated":true}]}}