{"id":2071,"date":"2020-04-27T10:07:05","date_gmt":"2020-04-27T08:07:05","guid":{"rendered":"https:\/\/www.saigon-delices.fr\/store\/?page_id=2071"},"modified":"2020-04-27T18:44:53","modified_gmt":"2020-04-27T16:44:53","slug":"contat-suggestions","status":"publish","type":"page","link":"https:\/\/www.saigon-delices.fr\/store\/contat-suggestions\/","title":{"rendered":"Contact &#038; Suggestions"},"content":{"rendered":"\n<div class=\"wpforms-container wpforms-container-full\" id=\"wpforms-1996\"><form id=\"wpforms-form-1996\" class=\"wpforms-validate wpforms-form\" data-formid=\"1996\" method=\"post\" enctype=\"multipart\/form-data\" action=\"\/store\/wp-json\/wp\/v2\/pages\/2071\" data-token=\"a25c391a945b13eef1eb441a36d92320\" data-token-time=\"1775479479\"><noscript class=\"wpforms-error-noscript\">Veuillez activer JavaScript dans votre navigateur pour remplir ce formulaire.<\/noscript><div class=\"wpforms-field-container\"><div id=\"wpforms-1996-field_0-container\" class=\"wpforms-field wpforms-field-name\" data-field-id=\"0\"><label class=\"wpforms-field-label\">Nom <span class=\"wpforms-required-label\">*<\/span><\/label><div class=\"wpforms-field-row wpforms-field-medium\"><div class=\"wpforms-field-row-block wpforms-first wpforms-one-half\"><input type=\"text\" id=\"wpforms-1996-field_0\" class=\"wpforms-field-name-first wpforms-field-required\" name=\"wpforms[fields][0][first]\" required><label for=\"wpforms-1996-field_0\" class=\"wpforms-field-sublabel after\">Pr\u00e9nom<\/label><\/div><div class=\"wpforms-field-row-block wpforms-one-half\"><input type=\"text\" id=\"wpforms-1996-field_0-last\" class=\"wpforms-field-name-last wpforms-field-required\" name=\"wpforms[fields][0][last]\" required><label for=\"wpforms-1996-field_0-last\" class=\"wpforms-field-sublabel after\">Nom<\/label><\/div><\/div><\/div><div id=\"wpforms-1996-field_1-container\" class=\"wpforms-field wpforms-field-email\" data-field-id=\"1\"><label class=\"wpforms-field-label\" for=\"wpforms-1996-field_1\">E-mail <span class=\"wpforms-required-label\">*<\/span><\/label><input type=\"email\" id=\"wpforms-1996-field_1\" class=\"wpforms-field-medium wpforms-field-required\" name=\"wpforms[fields][1]\" spellcheck=\"false\" required><div class=\"wpforms-field-description\">Veuillez saisir votre e-mail, afin que nous puissions vous contacter pour le suivi.<\/div><\/div><div id=\"wpforms-1996-field_2-container\" class=\"wpforms-field wpforms-field-radio\" data-field-id=\"2\"><label class=\"wpforms-field-label\">Pour quel service avez-vous une question ou une suggestion\u00a0? <span class=\"wpforms-required-label\">*<\/span><\/label><ul id=\"wpforms-1996-field_2\" class=\"wpforms-field-required\"><li class=\"choice-1 depth-1\"><input type=\"radio\" id=\"wpforms-1996-field_2_1\" name=\"wpforms[fields][2]\" value=\"Id\u00e9es de ventes de produits\" required ><label class=\"wpforms-field-label-inline\" for=\"wpforms-1996-field_2_1\">Id\u00e9es de ventes de produits<\/label><\/li><li class=\"choice-2 depth-1\"><input type=\"radio\" id=\"wpforms-1996-field_2_2\" name=\"wpforms[fields][2]\" value=\"D\u00e9veloppement de produits\" required ><label class=\"wpforms-field-label-inline\" for=\"wpforms-1996-field_2_2\">D\u00e9veloppement de produits<\/label><\/li><li class=\"choice-3 depth-1\"><input type=\"radio\" id=\"wpforms-1996-field_2_3\" name=\"wpforms[fields][2]\" value=\"Vos produits pr\u00e9f\u00e9r\u00e9s\" required ><label class=\"wpforms-field-label-inline\" for=\"wpforms-1996-field_2_3\">Vos produits pr\u00e9f\u00e9r\u00e9s<\/label><\/li><li class=\"choice-8 depth-1\"><input type=\"radio\" id=\"wpforms-1996-field_2_8\" name=\"wpforms[fields][2]\" value=\"Remarque sur un produit\" required ><label class=\"wpforms-field-label-inline\" for=\"wpforms-1996-field_2_8\">Remarque sur un produit<\/label><\/li><li class=\"choice-7 depth-1\"><input type=\"radio\" id=\"wpforms-1996-field_2_7\" name=\"wpforms[fields][2]\" value=\"Etre livr\u00e9 \u00e0 domicile\" required ><label class=\"wpforms-field-label-inline\" for=\"wpforms-1996-field_2_7\">Etre livr\u00e9 \u00e0 domicile<\/label><\/li><li class=\"choice-10 depth-1\"><input type=\"radio\" id=\"wpforms-1996-field_2_10\" name=\"wpforms[fields][2]\" value=\"Erreur dans la livraison\" required ><label class=\"wpforms-field-label-inline\" for=\"wpforms-1996-field_2_10\">Erreur dans la livraison<\/label><\/li><li class=\"choice-11 depth-1\"><input type=\"radio\" id=\"wpforms-1996-field_2_11\" name=\"wpforms[fields][2]\" value=\"Erreur \u00e0 l&#039;encaissement\" required ><label class=\"wpforms-field-label-inline\" for=\"wpforms-1996-field_2_11\">Erreur \u00e0 l'encaissement<\/label><\/li><li class=\"choice-12 depth-1\"><input type=\"radio\" id=\"wpforms-1996-field_2_12\" name=\"wpforms[fields][2]\" value=\"Remarques sur le site\" required ><label class=\"wpforms-field-label-inline\" for=\"wpforms-1996-field_2_12\">Remarques sur le site<\/label><\/li><li class=\"choice-6 depth-1\"><input type=\"radio\" id=\"wpforms-1996-field_2_6\" name=\"wpforms[fields][2]\" value=\"Autres\" required ><label class=\"wpforms-field-label-inline\" for=\"wpforms-1996-field_2_6\">Autres<\/label><\/li><\/ul><\/div><div id=\"wpforms-1996-field_3-container\" class=\"wpforms-field wpforms-field-text\" data-field-id=\"3\"><label class=\"wpforms-field-label\" for=\"wpforms-1996-field_3\">Sujet <span class=\"wpforms-required-label\">*<\/span><\/label><input type=\"text\" id=\"wpforms-1996-field_3\" class=\"wpforms-field-medium wpforms-field-required\" name=\"wpforms[fields][3]\" required><\/div><div id=\"wpforms-1996-field_4-container\" class=\"wpforms-field wpforms-field-textarea\" data-field-id=\"4\"><label class=\"wpforms-field-label\" for=\"wpforms-1996-field_4\">Message <span class=\"wpforms-required-label\">*<\/span><\/label><textarea id=\"wpforms-1996-field_4\" class=\"wpforms-field-medium wpforms-field-required\" name=\"wpforms[fields][4]\" required><\/textarea><\/div><\/div><!-- .wpforms-field-container --><div class=\"wpforms-field wpforms-field-hp\"><label for=\"wpforms-1996-field-hp\" class=\"wpforms-field-label\">Comment<\/label><input type=\"text\" name=\"wpforms[hp]\" id=\"wpforms-1996-field-hp\" class=\"wpforms-field-medium\"><\/div><div class=\"wpforms-submit-container\" ><input type=\"hidden\" name=\"wpforms[id]\" value=\"1996\"><input type=\"hidden\" name=\"page_title\" value=\"\"><input type=\"hidden\" name=\"page_url\" value=\"https:\/\/www.saigon-delices.fr\/store\/wp-json\/wp\/v2\/pages\/2071\"><input type=\"hidden\" name=\"url_referer\" value=\"\"><button type=\"submit\" name=\"wpforms[submit]\" id=\"wpforms-submit-1996\" class=\"wpforms-submit\" data-alt-text=\"Envoi...\" data-submit-text=\"Envoyer\" aria-live=\"assertive\" value=\"wpforms-submit\">Envoyer<\/button><\/div><\/form><\/div>  <!-- .wpforms-container -->\n","protected":false},"excerpt":{"rendered":"","protected":false},"author":1,"featured_media":0,"parent":0,"menu_order":0,"comment_status":"closed","ping_status":"closed","template":"","meta":{"footnotes":""},"class_list":["post-2071","page","type-page","status-publish","hentry"],"_links":{"self":[{"href":"https:\/\/www.saigon-delices.fr\/store\/wp-json\/wp\/v2\/pages\/2071","targetHints":{"allow":["GET"]}}],"collection":[{"href":"https:\/\/www.saigon-delices.fr\/store\/wp-json\/wp\/v2\/pages"}],"about":[{"href":"https:\/\/www.saigon-delices.fr\/store\/wp-json\/wp\/v2\/types\/page"}],"author":[{"embeddable":true,"href":"https:\/\/www.saigon-delices.fr\/store\/wp-json\/wp\/v2\/users\/1"}],"replies":[{"embeddable":true,"href":"https:\/\/www.saigon-delices.fr\/store\/wp-json\/wp\/v2\/comments?post=2071"}],"version-history":[{"count":3,"href":"https:\/\/www.saigon-delices.fr\/store\/wp-json\/wp\/v2\/pages\/2071\/revisions"}],"predecessor-version":[{"id":2077,"href":"https:\/\/www.saigon-delices.fr\/store\/wp-json\/wp\/v2\/pages\/2071\/revisions\/2077"}],"wp:attachment":[{"href":"https:\/\/www.saigon-delices.fr\/store\/wp-json\/wp\/v2\/media?parent=2071"}],"curies":[{"name":"wp","href":"https:\/\/api.w.org\/{rel}","templated":true}]}}