{"id":203,"date":"2018-07-12T10:28:25","date_gmt":"2018-07-12T08:28:25","guid":{"rendered":"https:\/\/www.saigon-delices.fr\/store\/?page_id=203"},"modified":"2025-12-10T12:19:29","modified_gmt":"2025-12-10T11:19:29","slug":"bienvenue","status":"publish","type":"page","link":"https:\/\/www.saigon-delices.fr\/store\/bienvenue\/","title":{"rendered":"Bienvenue !"},"content":{"rendered":"<h4 class=\"entry-content\" style=\"text-align: center;\"><strong>Bonjour et bienvenue dans la boutique de Sa\u00efgon-d\u00e9lices<\/strong><\/h4>\n<h4 class=\"entry-content\" style=\"text-align: center;\"><strong>Retrouvez-nous<\/strong><\/h4>\n<h4 class=\"entry-content\" style=\"text-align: center;\"><strong> les samedis au march\u00e9 de <span style=\"color: #000000;\"><a style=\"color: #000000;\" href=\"https:\/\/maps.app.goo.gl\/AshaNsm61nyhgabH9\">Cournonterral<\/a><\/span>\u00a0(<span class=\"LrzXr kno-fv wHYlTd z8gr9e\">34660<\/span>) de 8h \u00e0 13h00<\/strong><\/h4>\n<h4 class=\"entry-content\" style=\"text-align: center;\"><strong> et<\/strong><\/h4>\n<h4 class=\"entry-content\" style=\"text-align: center;\"><strong>les dimanches au march\u00e9 de <a href=\"https:\/\/maps.app.goo.gl\/vqqK4qqkk4oNZWRV8\"><span style=\"color: #000000;\">Valflaun\u00e8s<\/span><\/a> (34270) de 8h \u00e0 13h0<\/strong><\/h4>\n<hr \/>\n<h4 class=\"entry-content\" style=\"text-align: center;\"><strong>Pour toutes commandes particuli\u00e8res\u00a0<\/strong><\/h4>\n<h4 class=\"entry-content\" style=\"text-align: center;\"><strong> n<\/strong><strong>\u2019h\u00e9sitez pas \u00e0 nous contacter au plus tard mardi matin<\/strong><\/h4>\n<h4 class=\"entry-content\" style=\"text-align: center;\"><strong>afin <\/strong><strong>de<\/strong> <strong>garantir la fra\u00eecheur de nos produits<\/strong><\/h4>\n<h4 class=\"entry-content\" style=\"text-align: center;\">\u00a0<\/h4>\n\n\n<p><\/p>\n","protected":false},"excerpt":{"rendered":"<p>Bonjour et bienvenue dans la boutique de Sa\u00efgon-d\u00e9lices Retrouvez-nous les samedis au march\u00e9 de Cournonterral\u00a0(34660) de 8h \u00e0 13h00 et les dimanches au march\u00e9 de Valflaun\u00e8s (34270) de 8h \u00e0 13h0 Pour toutes commandes particuli\u00e8res\u00a0 n\u2019h\u00e9sitez pas \u00e0 nous contacter au plus tard mardi matin afin de garantir la fra\u00eecheur de nos produits \u00a0<\/p>\n","protected":false},"author":1,"featured_media":0,"parent":0,"menu_order":0,"comment_status":"closed","ping_status":"closed","template":"","meta":{"footnotes":""},"class_list":["post-203","page","type-page","status-publish","hentry"],"_links":{"self":[{"href":"https:\/\/www.saigon-delices.fr\/store\/wp-json\/wp\/v2\/pages\/203","targetHints":{"allow":["GET"]}}],"collection":[{"href":"https:\/\/www.saigon-delices.fr\/store\/wp-json\/wp\/v2\/pages"}],"about":[{"href":"https:\/\/www.saigon-delices.fr\/store\/wp-json\/wp\/v2\/types\/page"}],"author":[{"embeddable":true,"href":"https:\/\/www.saigon-delices.fr\/store\/wp-json\/wp\/v2\/users\/1"}],"replies":[{"embeddable":true,"href":"https:\/\/www.saigon-delices.fr\/store\/wp-json\/wp\/v2\/comments?post=203"}],"version-history":[{"count":41,"href":"https:\/\/www.saigon-delices.fr\/store\/wp-json\/wp\/v2\/pages\/203\/revisions"}],"predecessor-version":[{"id":3179,"href":"https:\/\/www.saigon-delices.fr\/store\/wp-json\/wp\/v2\/pages\/203\/revisions\/3179"}],"wp:attachment":[{"href":"https:\/\/www.saigon-delices.fr\/store\/wp-json\/wp\/v2\/media?parent=203"}],"curies":[{"name":"wp","href":"https:\/\/api.w.org\/{rel}","templated":true}]}}