{"id":197,"date":"2018-07-12T10:20:27","date_gmt":"2018-07-12T08:20:27","guid":{"rendered":"https:\/\/www.saigon-delices.fr\/store\/?page_id=197"},"modified":"2025-11-25T17:50:47","modified_gmt":"2025-11-25T16:50:47","slug":"a-propos","status":"publish","type":"page","link":"https:\/\/www.saigon-delices.fr\/store\/a-propos\/","title":{"rendered":"A Propos"},"content":{"rendered":"<h4>Cr\u00e9e le 30 avril 2018, Sa\u00efgon-d\u00e9lices a pour repr\u00e9sentant une sp\u00e9cialiste \u00e0 forte et longue exp\u00e9rience en restauration asiatique tant au Vietnam qu&rsquo;en France .<\/h4>\n<h4>Sa\u00efgon-d\u00e9lices vous proposera ses sp\u00e9cialit\u00e9s sur les march\u00e9s de Cournonterral et de Valflaun\u00e8s (H\u00e9rault)<\/h4>\n<h4>Contacts : contact@saigon-delices.fr \/\u00a007 81 24 14 02<\/h4>\n<h4>Nous suivre sur Facebook : https:\/\/www.facebook.com\/tthp912\/<\/h4>\n<h4>RCS de Montpellier :\u00a0 839 316 171<\/h4>\n<div class=\"entry-content\">\n<div class=\"elementor elementor-212\">\n<div class=\"elementor-inner\">\n<div class=\"elementor-section-wrap\">\n<section class=\"elementor-element elementor-element-15206b6f elementor-section-boxed elementor-section-height-default elementor-section-height-default elementor-section elementor-top-section\" data-id=\"15206b6f\" data-element_type=\"section\">\n<div class=\"elementor-container elementor-column-gap-default\">\n<div class=\"elementor-row\">\n<div class=\"elementor-element elementor-element-14d5f95d elementor-column elementor-col-100 elementor-top-column\" data-id=\"14d5f95d\" data-element_type=\"column\">\n<div class=\"elementor-column-wrap elementor-element-populated\">\n<div class=\"elementor-widget-wrap\">\n<div class=\"elementor-element elementor-element-18a4b730 elementor-widget elementor-widget-text-editor\" data-id=\"18a4b730\" data-element_type=\"text-editor.default\">\n<div class=\"elementor-widget-container\">\n<div class=\"elementor-text-editor elementor-clearfix\">\n<h4><\/h4>\n<h4><\/h4>\n<\/div>\n<\/div>\n<\/div>\n<\/div>\n<\/div>\n<\/div>\n<\/div>\n<\/div>\n<\/section>\n<\/div>\n<\/div>\n<\/div>\n<\/div>\n","protected":false},"excerpt":{"rendered":"<p>Cr\u00e9e le 30 avril 2018, Sa\u00efgon-d\u00e9lices a pour repr\u00e9sentant une sp\u00e9cialiste \u00e0 forte et longue exp\u00e9rience en restauration asiatique tant au Vietnam qu&rsquo;en France . Sa\u00efgon-d\u00e9lices vous proposera ses sp\u00e9cialit\u00e9s sur les march\u00e9s de Cournonterral et de Valflaun\u00e8s (H\u00e9rault) Contacts : contact@saigon-delices.fr \/\u00a007 81 24 14 02 Nous suivre sur Facebook : https:\/\/www.facebook.com\/tthp912\/ RCS de [&hellip;]<\/p>\n","protected":false},"author":1,"featured_media":0,"parent":0,"menu_order":0,"comment_status":"closed","ping_status":"closed","template":"","meta":{"footnotes":""},"class_list":["post-197","page","type-page","status-publish","hentry"],"_links":{"self":[{"href":"https:\/\/www.saigon-delices.fr\/store\/wp-json\/wp\/v2\/pages\/197","targetHints":{"allow":["GET"]}}],"collection":[{"href":"https:\/\/www.saigon-delices.fr\/store\/wp-json\/wp\/v2\/pages"}],"about":[{"href":"https:\/\/www.saigon-delices.fr\/store\/wp-json\/wp\/v2\/types\/page"}],"author":[{"embeddable":true,"href":"https:\/\/www.saigon-delices.fr\/store\/wp-json\/wp\/v2\/users\/1"}],"replies":[{"embeddable":true,"href":"https:\/\/www.saigon-delices.fr\/store\/wp-json\/wp\/v2\/comments?post=197"}],"version-history":[{"count":12,"href":"https:\/\/www.saigon-delices.fr\/store\/wp-json\/wp\/v2\/pages\/197\/revisions"}],"predecessor-version":[{"id":3152,"href":"https:\/\/www.saigon-delices.fr\/store\/wp-json\/wp\/v2\/pages\/197\/revisions\/3152"}],"wp:attachment":[{"href":"https:\/\/www.saigon-delices.fr\/store\/wp-json\/wp\/v2\/media?parent=197"}],"curies":[{"name":"wp","href":"https:\/\/api.w.org\/{rel}","templated":true}]}}