{"id":1946,"date":"2020-04-16T05:45:07","date_gmt":"2020-04-16T03:45:07","guid":{"rendered":"https:\/\/www.saigon-delices.fr\/store\/newsletter\/"},"modified":"2020-04-24T21:26:48","modified_gmt":"2020-04-24T19:26:48","slug":"newsletter","status":"publish","type":"page","link":"https:\/\/www.saigon-delices.fr\/store\/newsletter\/","title":{"rendered":"Newsletter"},"content":{"rendered":"<h3 style=\"text-align: center;\"><strong>Pour \u00eatre inform\u00e9 des manifestations, animations et promotions<\/strong><\/h3>\n<h3 style=\"text-align: center;\"><strong>Inscrivez vous \u00e0 notre new lettre<\/strong><\/h3>\n<p><div class=\"tnp tnp-subscription \">\n<form method=\"post\" action=\"https:\/\/www.saigon-delices.fr\/store\/wp-admin\/admin-ajax.php?action=tnp&amp;na=s\">\n<input type=\"hidden\" name=\"nlang\" value=\"\">\n<div class=\"tnp-field tnp-field-firstname\"><label for=\"tnp-1\">Pr\u00e9nom et nom complet<\/label>\n<input class=\"tnp-name\" type=\"text\" name=\"nn\" id=\"tnp-1\" value=\"\" placeholder=\"\"><\/div>\n<div class=\"tnp-field tnp-field-email\"><label for=\"tnp-2\">Email<\/label>\n<input class=\"tnp-email\" type=\"email\" name=\"ne\" id=\"tnp-2\" value=\"\" placeholder=\"\" required><\/div>\n<div class=\"tnp-field tnp-privacy-field\"><label><input type=\"checkbox\" name=\"ny\" required class=\"tnp-privacy\"> En continuant, vous acceptez la politique de confidentialit\u00e9<\/label><\/div><div class=\"tnp-field tnp-field-button\" style=\"text-align: left\"><input class=\"tnp-submit\" type=\"submit\" value=\"S&#039;abonner\" style=\"\">\n<\/div>\n<\/form>\n<\/div>\n<\/p>\n","protected":false},"excerpt":{"rendered":"<p>Pour \u00eatre inform\u00e9 des manifestations, animations et promotions Inscrivez vous \u00e0 notre new lettre<\/p>\n","protected":false},"author":1,"featured_media":0,"parent":0,"menu_order":0,"comment_status":"closed","ping_status":"closed","template":"","meta":{"footnotes":""},"class_list":["post-1946","page","type-page","status-publish","hentry"],"_links":{"self":[{"href":"https:\/\/www.saigon-delices.fr\/store\/wp-json\/wp\/v2\/pages\/1946","targetHints":{"allow":["GET"]}}],"collection":[{"href":"https:\/\/www.saigon-delices.fr\/store\/wp-json\/wp\/v2\/pages"}],"about":[{"href":"https:\/\/www.saigon-delices.fr\/store\/wp-json\/wp\/v2\/types\/page"}],"author":[{"embeddable":true,"href":"https:\/\/www.saigon-delices.fr\/store\/wp-json\/wp\/v2\/users\/1"}],"replies":[{"embeddable":true,"href":"https:\/\/www.saigon-delices.fr\/store\/wp-json\/wp\/v2\/comments?post=1946"}],"version-history":[{"count":7,"href":"https:\/\/www.saigon-delices.fr\/store\/wp-json\/wp\/v2\/pages\/1946\/revisions"}],"predecessor-version":[{"id":2027,"href":"https:\/\/www.saigon-delices.fr\/store\/wp-json\/wp\/v2\/pages\/1946\/revisions\/2027"}],"wp:attachment":[{"href":"https:\/\/www.saigon-delices.fr\/store\/wp-json\/wp\/v2\/media?parent=1946"}],"curies":[{"name":"wp","href":"https:\/\/api.w.org\/{rel}","templated":true}]}}